{"id":6335,"date":"2021-06-02T12:52:23","date_gmt":"2021-06-02T16:52:23","guid":{"rendered":"https:\/\/www.westislandhypnosis.ca\/notre-promesse\/"},"modified":"2024-12-12T20:17:21","modified_gmt":"2024-12-13T01:17:21","slug":"notre-promesse","status":"publish","type":"page","link":"https:\/\/www.westislandhypnosis.ca\/fr\/notre-promesse\/","title":{"rendered":"Notre Promesse"},"content":{"rendered":"\t\t<div data-elementor-type=\"wp-page\" data-elementor-id=\"6335\" class=\"elementor elementor-6335 elementor-4771\" data-elementor-post-type=\"page\">\n\t\t\t\t\t\t<section class=\"elementor-section elementor-top-section elementor-element elementor-element-1740629a elementor-section-boxed elementor-section-height-default elementor-section-height-default\" data-id=\"1740629a\" data-element_type=\"section\">\n\t\t\t\t\t\t<div class=\"elementor-container elementor-column-gap-default\">\n\t\t\t\t\t<div class=\"elementor-column elementor-col-100 elementor-top-column elementor-element elementor-element-1fdf2c31\" data-id=\"1fdf2c31\" data-element_type=\"column\">\n\t\t\t<div class=\"elementor-widget-wrap elementor-element-populated\">\n\t\t\t\t\t\t<div class=\"elementor-element elementor-element-2f2d787d elementor-widget elementor-widget-heading\" data-id=\"2f2d787d\" data-element_type=\"widget\" data-widget_type=\"heading.default\">\n\t\t\t\t<div class=\"elementor-widget-container\">\n\t\t\t\t\t<h2 class=\"elementor-heading-title elementor-size-default\">Notre Promesse<\/h2>\t\t\t\t<\/div>\n\t\t\t\t<\/div>\n\t\t\t\t<div class=\"elementor-element elementor-element-009183b elementor-widget elementor-widget-heading\" data-id=\"009183b\" data-element_type=\"widget\" data-widget_type=\"heading.default\">\n\t\t\t\t<div class=\"elementor-widget-container\">\n\t\t\t\t\t<h2 class=\"elementor-heading-title elementor-size-default\">\nGARANTIE SANS SOUCIS\n<\/h2>\t\t\t\t<\/div>\n\t\t\t\t<\/div>\n\t\t\t\t<section class=\"elementor-section elementor-inner-section elementor-element elementor-element-a8edc9d elementor-section-boxed elementor-section-height-default elementor-section-height-default\" data-id=\"a8edc9d\" data-element_type=\"section\">\n\t\t\t\t\t\t<div class=\"elementor-container elementor-column-gap-default\">\n\t\t\t\t\t<div class=\"elementor-column elementor-col-100 elementor-inner-column elementor-element elementor-element-2b7569bf\" data-id=\"2b7569bf\" data-element_type=\"column\">\n\t\t\t<div class=\"elementor-widget-wrap elementor-element-populated\">\n\t\t\t\t\t\t<div class=\"elementor-element elementor-element-3c1ff2ff elementor-widget elementor-widget-text-editor\" data-id=\"3c1ff2ff\" data-element_type=\"widget\" data-widget_type=\"text-editor.default\">\n\t\t\t\t<div class=\"elementor-widget-container\">\n\t\t\t\t\t\t\t\t\t<p><span style=\"font-weight: 400;\">Le succ\u00e8s des programmes hypnotiques d\u00e9pend de la motivation, de la coop\u00e9ration, de l&rsquo;attitude et de l&rsquo;assiduit\u00e9 du client aux s\u00e9ances programm\u00e9es. Nous r\u00e9alisons que le temps n\u00e9cessaire \u00e0 un individu pour atteindre son objectif personnel varie puisque chaque individu est unique.<\/span><\/p>\n<p><span style=\"font-weight: 400;\">Bien qu&rsquo;il ne soit pas possible de garantir les comportements humains, West Island Hypnosis Centre fournit une garantie \u00e9crite \u00e0 nos clients :<\/span><\/p>\n<p><span style=\"font-weight: 400;\">Une fois qu&rsquo;un programme est enti\u00e8rement pay\u00e9, il n&rsquo;y a pas de frais pour les sessions suppl\u00e9mentaires, quel que soit le temps que vous prenez pour atteindre l&rsquo;objectif initial de votre programme. West Island Hypnosis offrira des S\u00c9ANCES DE RENFORCEMENT GRATUITES* au besoin jusqu&rsquo;\u00e0 ce que vous atteigniez votre objectif.<\/span><\/p>\n<p><span style=\"font-weight: 400;\">Si jamais vous reveniez \u00e0 votre habitude ou \u00e0 votre probl\u00e8me, vous pouvez demander des s\u00e9ances d&rsquo;hypnose suppl\u00e9mentaires tant que le Centre d&rsquo;hypnose de l&rsquo;Ouest-de-l&rsquo;\u00cele est ouvert.<\/span><\/p>\n<p><span style=\"font-weight: 400;\">*Maximum d&rsquo;une s\u00e9ance par mois. Certaines conditions s&rsquo;appliquent \u00e0 certains programmes. Consultez votre hypnotiseur pour plus d&rsquo;informations.<\/span><\/p>\n\t\t\t\t\t\t\t\t<\/div>\n\t\t\t\t<\/div>\n\t\t\t\t\t<\/div>\n\t\t<\/div>\n\t\t\t\t\t<\/div>\n\t\t<\/section>\n\t\t\t\t\t<\/div>\n\t\t<\/div>\n\t\t\t\t\t<\/div>\n\t\t<\/section>\n\t\t\t\t<\/div>\n\t\t","protected":false},"excerpt":{"rendered":"<p>Notre Promesse GARANTIE SANS SOUCIS Le succ\u00e8s des programmes hypnotiques d\u00e9pend de la motivation, de la coop\u00e9ration, de l&rsquo;attitude et de l&rsquo;assiduit\u00e9 du client aux s\u00e9ances programm\u00e9es. Nous r\u00e9alisons que le temps n\u00e9cessaire \u00e0 un individu pour atteindre son objectif personnel varie puisque chaque individu est unique. Bien qu&rsquo;il ne soit pas possible de garantir [&hellip;]<\/p>\n","protected":false},"author":7,"featured_media":0,"parent":0,"menu_order":0,"comment_status":"closed","ping_status":"closed","template":"","meta":{"footnotes":""},"class_list":["post-6335","page","type-page","status-publish","hentry"],"yoast_head":"<!-- This site is optimized with the Yoast SEO plugin v24.8.1 - https:\/\/yoast.com\/wordpress\/plugins\/seo\/ -->\n<title>Our Promise - West Island Hypnosis<\/title>\n<meta name=\"description\" content=\"Le succ\u00e8s des programmes hypnotiques d\u00e9pend de la motivation, de la coop\u00e9ration, de l&#039;attitude et de l&#039;assiduit\u00e9 du client aux s\u00e9ances programm\u00e9es. Nous r\u00e9alisons que le temps n\u00e9cessaire \u00e0 un individu pour atteindre son objectif personnel varie puisque chaque individu est unique.\" \/>\n<meta name=\"robots\" content=\"index, follow, max-snippet:-1, max-image-preview:large, max-video-preview:-1\" \/>\n<link rel=\"canonical\" href=\"https:\/\/www.westislandhypnosis.ca\/fr\/notre-promesse\/\" \/>\n<meta property=\"og:locale\" content=\"fr_FR\" \/>\n<meta property=\"og:type\" content=\"article\" \/>\n<meta property=\"og:title\" content=\"Our Promise - West Island Hypnosis\" \/>\n<meta property=\"og:description\" content=\"Le succ\u00e8s des programmes hypnotiques d\u00e9pend de la motivation, de la coop\u00e9ration, de l&#039;attitude et de l&#039;assiduit\u00e9 du client aux s\u00e9ances programm\u00e9es. Nous r\u00e9alisons que le temps n\u00e9cessaire \u00e0 un individu pour atteindre son objectif personnel varie puisque chaque individu est unique.\" \/>\n<meta property=\"og:url\" content=\"https:\/\/www.westislandhypnosis.ca\/fr\/notre-promesse\/\" \/>\n<meta property=\"og:site_name\" content=\"West Island Hypnosis\" \/>\n<meta property=\"article:modified_time\" content=\"2024-12-13T01:17:21+00:00\" \/>\n<meta name=\"twitter:card\" content=\"summary_large_image\" \/>\n<meta name=\"twitter:label1\" content=\"Dur\u00e9e de lecture estim\u00e9e\" \/>\n\t<meta name=\"twitter:data1\" content=\"1 minute\" \/>\n<script type=\"application\/ld+json\" class=\"yoast-schema-graph\">{\"@context\":\"https:\/\/schema.org\",\"@graph\":[{\"@type\":\"WebPage\",\"@id\":\"https:\/\/www.westislandhypnosis.ca\/fr\/notre-promesse\/\",\"url\":\"https:\/\/www.westislandhypnosis.ca\/fr\/notre-promesse\/\",\"name\":\"Our Promise - West Island Hypnosis\",\"isPartOf\":{\"@id\":\"https:\/\/www.westislandhypnosis.ca\/#website\"},\"datePublished\":\"2021-06-02T16:52:23+00:00\",\"dateModified\":\"2024-12-13T01:17:21+00:00\",\"description\":\"Le succ\u00e8s des programmes hypnotiques d\u00e9pend de la motivation, de la coop\u00e9ration, de l'attitude et de l'assiduit\u00e9 du client aux s\u00e9ances programm\u00e9es. Nous r\u00e9alisons que le temps n\u00e9cessaire \u00e0 un individu pour atteindre son objectif personnel varie puisque chaque individu est unique.\",\"breadcrumb\":{\"@id\":\"https:\/\/www.westislandhypnosis.ca\/fr\/notre-promesse\/#breadcrumb\"},\"inLanguage\":\"fr-FR\",\"potentialAction\":[{\"@type\":\"ReadAction\",\"target\":[\"https:\/\/www.westislandhypnosis.ca\/fr\/notre-promesse\/\"]}]},{\"@type\":\"BreadcrumbList\",\"@id\":\"https:\/\/www.westislandhypnosis.ca\/fr\/notre-promesse\/#breadcrumb\",\"itemListElement\":[{\"@type\":\"ListItem\",\"position\":1,\"name\":\"Home\",\"item\":\"https:\/\/www.westislandhypnosis.ca\/fr\/\"},{\"@type\":\"ListItem\",\"position\":2,\"name\":\"Notre Promesse\"}]},{\"@type\":\"WebSite\",\"@id\":\"https:\/\/www.westislandhypnosis.ca\/#website\",\"url\":\"https:\/\/www.westislandhypnosis.ca\/\",\"name\":\"West Island Hypnosis\",\"description\":\"Hypnosis for Weight Loss &amp; Smoking Cessation in Kirkland, QC\",\"publisher\":{\"@id\":\"https:\/\/www.westislandhypnosis.ca\/#organization\"},\"potentialAction\":[{\"@type\":\"SearchAction\",\"target\":{\"@type\":\"EntryPoint\",\"urlTemplate\":\"https:\/\/www.westislandhypnosis.ca\/?s={search_term_string}\"},\"query-input\":{\"@type\":\"PropertyValueSpecification\",\"valueRequired\":true,\"valueName\":\"search_term_string\"}}],\"inLanguage\":\"fr-FR\"},{\"@type\":\"Organization\",\"@id\":\"https:\/\/www.westislandhypnosis.ca\/#organization\",\"name\":\"Port Credit Hypnosis\",\"url\":\"https:\/\/www.westislandhypnosis.ca\/\",\"logo\":{\"@type\":\"ImageObject\",\"inLanguage\":\"fr-FR\",\"@id\":\"https:\/\/www.westislandhypnosis.ca\/#\/schema\/logo\/image\/\",\"url\":\"\",\"contentUrl\":\"\",\"caption\":\"Port Credit Hypnosis\"},\"image\":{\"@id\":\"https:\/\/www.westislandhypnosis.ca\/#\/schema\/logo\/image\/\"}}]}<\/script>\n<!-- \/ Yoast SEO plugin. -->","yoast_head_json":{"title":"Our Promise - West Island Hypnosis","description":"Le succ\u00e8s des programmes hypnotiques d\u00e9pend de la motivation, de la coop\u00e9ration, de l'attitude et de l'assiduit\u00e9 du client aux s\u00e9ances programm\u00e9es. Nous r\u00e9alisons que le temps n\u00e9cessaire \u00e0 un individu pour atteindre son objectif personnel varie puisque chaque individu est unique.","robots":{"index":"index","follow":"follow","max-snippet":"max-snippet:-1","max-image-preview":"max-image-preview:large","max-video-preview":"max-video-preview:-1"},"canonical":"https:\/\/www.westislandhypnosis.ca\/fr\/notre-promesse\/","og_locale":"fr_FR","og_type":"article","og_title":"Our Promise - West Island Hypnosis","og_description":"Le succ\u00e8s des programmes hypnotiques d\u00e9pend de la motivation, de la coop\u00e9ration, de l'attitude et de l'assiduit\u00e9 du client aux s\u00e9ances programm\u00e9es. Nous r\u00e9alisons que le temps n\u00e9cessaire \u00e0 un individu pour atteindre son objectif personnel varie puisque chaque individu est unique.","og_url":"https:\/\/www.westislandhypnosis.ca\/fr\/notre-promesse\/","og_site_name":"West Island Hypnosis","article_modified_time":"2024-12-13T01:17:21+00:00","twitter_card":"summary_large_image","twitter_misc":{"Dur\u00e9e de lecture estim\u00e9e":"1 minute"},"schema":{"@context":"https:\/\/schema.org","@graph":[{"@type":"WebPage","@id":"https:\/\/www.westislandhypnosis.ca\/fr\/notre-promesse\/","url":"https:\/\/www.westislandhypnosis.ca\/fr\/notre-promesse\/","name":"Our Promise - West Island Hypnosis","isPartOf":{"@id":"https:\/\/www.westislandhypnosis.ca\/#website"},"datePublished":"2021-06-02T16:52:23+00:00","dateModified":"2024-12-13T01:17:21+00:00","description":"Le succ\u00e8s des programmes hypnotiques d\u00e9pend de la motivation, de la coop\u00e9ration, de l'attitude et de l'assiduit\u00e9 du client aux s\u00e9ances programm\u00e9es. Nous r\u00e9alisons que le temps n\u00e9cessaire \u00e0 un individu pour atteindre son objectif personnel varie puisque chaque individu est unique.","breadcrumb":{"@id":"https:\/\/www.westislandhypnosis.ca\/fr\/notre-promesse\/#breadcrumb"},"inLanguage":"fr-FR","potentialAction":[{"@type":"ReadAction","target":["https:\/\/www.westislandhypnosis.ca\/fr\/notre-promesse\/"]}]},{"@type":"BreadcrumbList","@id":"https:\/\/www.westislandhypnosis.ca\/fr\/notre-promesse\/#breadcrumb","itemListElement":[{"@type":"ListItem","position":1,"name":"Home","item":"https:\/\/www.westislandhypnosis.ca\/fr\/"},{"@type":"ListItem","position":2,"name":"Notre Promesse"}]},{"@type":"WebSite","@id":"https:\/\/www.westislandhypnosis.ca\/#website","url":"https:\/\/www.westislandhypnosis.ca\/","name":"West Island Hypnosis","description":"Hypnosis for Weight Loss &amp; Smoking Cessation in Kirkland, QC","publisher":{"@id":"https:\/\/www.westislandhypnosis.ca\/#organization"},"potentialAction":[{"@type":"SearchAction","target":{"@type":"EntryPoint","urlTemplate":"https:\/\/www.westislandhypnosis.ca\/?s={search_term_string}"},"query-input":{"@type":"PropertyValueSpecification","valueRequired":true,"valueName":"search_term_string"}}],"inLanguage":"fr-FR"},{"@type":"Organization","@id":"https:\/\/www.westislandhypnosis.ca\/#organization","name":"Port Credit Hypnosis","url":"https:\/\/www.westislandhypnosis.ca\/","logo":{"@type":"ImageObject","inLanguage":"fr-FR","@id":"https:\/\/www.westislandhypnosis.ca\/#\/schema\/logo\/image\/","url":"","contentUrl":"","caption":"Port Credit Hypnosis"},"image":{"@id":"https:\/\/www.westislandhypnosis.ca\/#\/schema\/logo\/image\/"}}]}},"_links":{"self":[{"href":"https:\/\/www.westislandhypnosis.ca\/fr\/wp-json\/wp\/v2\/pages\/6335","targetHints":{"allow":["GET"]}}],"collection":[{"href":"https:\/\/www.westislandhypnosis.ca\/fr\/wp-json\/wp\/v2\/pages"}],"about":[{"href":"https:\/\/www.westislandhypnosis.ca\/fr\/wp-json\/wp\/v2\/types\/page"}],"author":[{"embeddable":true,"href":"https:\/\/www.westislandhypnosis.ca\/fr\/wp-json\/wp\/v2\/users\/7"}],"replies":[{"embeddable":true,"href":"https:\/\/www.westislandhypnosis.ca\/fr\/wp-json\/wp\/v2\/comments?post=6335"}],"version-history":[{"count":6,"href":"https:\/\/www.westislandhypnosis.ca\/fr\/wp-json\/wp\/v2\/pages\/6335\/revisions"}],"predecessor-version":[{"id":7320,"href":"https:\/\/www.westislandhypnosis.ca\/fr\/wp-json\/wp\/v2\/pages\/6335\/revisions\/7320"}],"wp:attachment":[{"href":"https:\/\/www.westislandhypnosis.ca\/fr\/wp-json\/wp\/v2\/media?parent=6335"}],"curies":[{"name":"wp","href":"https:\/\/api.w.org\/{rel}","templated":true}]}}